{"id":298,"date":"2017-02-02T21:00:57","date_gmt":"2017-02-02T19:00:57","guid":{"rendered":"http:\/\/mugla-vho.org\/v1\/?page_id=294"},"modified":"2021-05-12T21:21:24","modified_gmt":"2021-05-12T18:21:24","slug":"uyelerimiz","status":"publish","type":"page","link":"https:\/\/muglavho.org\/eskisite\/uyelerimiz\/","title":{"rendered":"\u00dcyelerimiz"},"content":{"rendered":"<div id=\"wpmem_restricted_msg\"><p>Bu Alan\u0131 Sadece Odam\u0131z \u00fcyeleri g\u00f6rebilir... Anlay\u0131\u015f\u0131n\u0131z i\u00e7in te\u015fekk\u00fcr ederiz...<\/p><\/div><div id=\"wpmem_login\"><a id=\"login\"><\/a><form action=\"https:\/\/muglavho.org\/eskisite\/yatagan\/\" method=\"POST\" id=\"wpmem_login_form\" class=\"form\"><input type=\"hidden\" id=\"_wpmem_login_nonce\" name=\"_wpmem_login_nonce\" value=\"91ccde4b7f\" \/><input type=\"hidden\" name=\"_wp_http_referer\" value=\"\/eskisite\/wp-json\/wp\/v2\/pages\/298\" \/><fieldset><legend>Existing Users Log In<\/legend><label for=\"log\">Username or Email<\/label><div class=\"div_text\"><input name=\"log\" type=\"text\" id=\"log\" value=\"\" class=\"username\" required  \/><\/div><label for=\"pwd\">\u015eifre<\/label><div class=\"div_text\"><input name=\"pwd\" type=\"password\" id=\"pwd\" class=\"password\" required  \/><\/div><input name=\"a\" type=\"hidden\" value=\"login\" \/><input name=\"redirect_to\" type=\"hidden\" value=\"https:\/\/muglavho.org\/eskisite\/yatagan\/\" \/><div class=\"button_div\"><input name=\"rememberme\" type=\"checkbox\" id=\"rememberme\" value=\"forever\" \/>&nbsp;<label for=\"rememberme\">Remember Me<\/label>&nbsp;&nbsp;<input type=\"submit\" name=\"Submit\" value=\"Giri\u015f\" class=\"buttons\" \/><\/div><div class=\"link-text\"><span class=\"link-text-forgot\">\u015eifreni mi unuttun?&nbsp;<a href=\"https:\/\/muglavho.org\/eskisite\/lostpassword\/?a=pwdreset\">S\u0131f\u0131rlamak i\u00e7in buraya t\u0131kla<\/a><\/span><\/div><div class=\"link-text\"><span class=\"link-text-register\">Yeni Kullan\u0131c\u0131?&nbsp;<a href=\"https:\/\/muglavho.org\/eskisite\/lostpassword\/\">Kay\u0131t olmak i\u00e7in t\u0131klay\u0131n<\/a><\/span><\/div><\/fieldset><\/form><\/div>","protected":false},"excerpt":{"rendered":"<p>Bu Alan\u0131 Sadece Odam\u0131z \u00fcyeleri g\u00f6rebilir&#8230; Anlay\u0131\u015f\u0131n\u0131z i\u00e7in te\u015fekk\u00fcr ederiz&#8230;Existing Users Log InUsername or Email\u015eifre&nbsp;Remember Me&nbsp;&nbsp;\u015eifreni mi unuttun?&nbsp;S\u0131f\u0131rlamak i\u00e7in buraya t\u0131klaYeni Kullan\u0131c\u0131?&nbsp;Kay\u0131t olmak i\u00e7in t\u0131klay\u0131n<\/p>\n","protected":false},"author":1,"featured_media":0,"parent":0,"menu_order":0,"comment_status":"closed","ping_status":"closed","template":"","meta":{"rank_math_lock_modified_date":false,"footnotes":""},"class_list":["post-298","page","type-page","status-publish","hentry"],"_links":{"self":[{"href":"https:\/\/muglavho.org\/eskisite\/wp-json\/wp\/v2\/pages\/298","targetHints":{"allow":["GET"]}}],"collection":[{"href":"https:\/\/muglavho.org\/eskisite\/wp-json\/wp\/v2\/pages"}],"about":[{"href":"https:\/\/muglavho.org\/eskisite\/wp-json\/wp\/v2\/types\/page"}],"author":[{"embeddable":true,"href":"https:\/\/muglavho.org\/eskisite\/wp-json\/wp\/v2\/users\/1"}],"replies":[{"embeddable":true,"href":"https:\/\/muglavho.org\/eskisite\/wp-json\/wp\/v2\/comments?post=298"}],"version-history":[{"count":9,"href":"https:\/\/muglavho.org\/eskisite\/wp-json\/wp\/v2\/pages\/298\/revisions"}],"predecessor-version":[{"id":3232,"href":"https:\/\/muglavho.org\/eskisite\/wp-json\/wp\/v2\/pages\/298\/revisions\/3232"}],"wp:attachment":[{"href":"https:\/\/muglavho.org\/eskisite\/wp-json\/wp\/v2\/media?parent=298"}],"curies":[{"name":"wp","href":"https:\/\/api.w.org\/{rel}","templated":true}]}}